{"id":22179,"date":"2015-06-11T16:03:51","date_gmt":"2015-06-11T14:03:51","guid":{"rendered":"https:\/\/undsgn.com\/uncode\/?page_id=22179"},"modified":"2024-10-09T15:10:19","modified_gmt":"2024-10-09T19:10:19","slug":"faq","status":"publish","type":"page","link":"https:\/\/holyokecannabis.com\/es\/faq\/","title":{"rendered":"Preguntas Frecuentes"},"content":{"rendered":"<div class=\"wpb-content-wrapper\"><div data-parent=\"true\" class=\"vc_row row-container boomapps_vcrow\" id=\"row-unique-0\"><div class=\"row double-top-padding double-bottom-padding single-h-padding limit-width row-parent\"><div class=\"wpb_row row-inner\"><div class=\"wpb_column pos-top pos-center align_left column_parent col-lg-12 boomapps_vccolumn single-internal-gutter\"><div class=\"uncol style-light\"  ><div class=\"uncoltable\"><div class=\"uncell  boomapps_vccolumn no-block-padding\" ><div class=\"uncont\" ><div class=\"vc_custom_heading_wrap\"><div class=\"heading-text el-text\" ><h3 class=\"font-762333 h3 fontspace-781688\" ><span>Preguntas Generales<\/span><\/h3><\/div><div class=\"clear\"><\/div><\/div><div class=\"uncode-accordion wpb_accordion wpb_content_element  sign-size-rg w-border\" data-collapsible=\"no\" data-target=\"\" data-active-tab=\"1\" >\n\t\t<div class=\"panel-group wpb_wrapper wpb_accordion_wrapper\" id=\"accordion_860156062\" data-no-toggle=\"\">\n\n<div class=\"panel panel-default wpb_accordion_section group  active-group\"><div class=\"panel-heading wpb_accordion_header ui-accordion-header\"><p class=\"panel-title active font-weight- text-   icon-size-rg\"><a data-toggle=\"collapse\" data-parent=\"#accordion_860156062\" href=\"#3a9b003f-3149-3\"><span>\u00bfEs para uso adulto o m\u00e9dico?<\/span><\/a><\/p><\/div><div id=\"3a9b003f-3149-3\" class=\"panel-collapse collapse in\"><div class=\"panel-body wpb_accordion_content ui-accordion-content half-internal-gutter single-block-padding\">\n\t\t\t\t\t\t<div class=\"uncode_text_column\" ><p>Holyoke Cannabis es una instalaci\u00f3n minorista recreativa para adultos para mayores de 21 a\u00f1os.<\/p>\n<\/div><\/div><\/div><\/div><div class=\"panel panel-default wpb_accordion_section group\"><div class=\"panel-heading wpb_accordion_header ui-accordion-header\"><p class=\"panel-title font-weight- text-   icon-size-rg\"><a data-toggle=\"collapse\" data-parent=\"#accordion_860156062\" href=\"#41a59e18-d87d-5\"><span>\u00bfD\u00f3nde est\u00e1n ubicados?<\/span><\/a><\/p><\/div><div id=\"41a59e18-d87d-5\" class=\"panel-collapse collapse\"><div class=\"panel-body wpb_accordion_content ui-accordion-content half-internal-gutter single-block-padding\">\n\t\t\t\t\t\t<div class=\"uncode_text_column\" ><p>Holyoke Cannabis se encuentra en 380 Dwight Street, Unit 3, Holyoke MA, 01040. \u00a1Busque los letreros verdes y negros hacia la parte trasera del estacionamiento! Estamos ansiosos por tenerte dentro.<\/p>\n<\/div><\/div><\/div><\/div><div class=\"panel panel-default wpb_accordion_section group\"><div class=\"panel-heading wpb_accordion_header ui-accordion-header\"><p class=\"panel-title font-weight- text-   icon-size-rg\"><a data-toggle=\"collapse\" data-parent=\"#accordion_860156062\" href=\"#c235363e-f47b-6\"><span>\u00bfCu\u00e1les son los m\u00e9todos de pago de Holyoke Cannabis?<\/span><\/a><\/p><\/div><div id=\"c235363e-f47b-6\" class=\"panel-collapse collapse\"><div class=\"panel-body wpb_accordion_content ui-accordion-content half-internal-gutter single-block-padding\">\n\t\t\t\t\t\t<div class=\"uncode_text_column\" ><p>Aceptamos tanto efectivo como tarjeta de d\u00e9bito. No aceptamos tarjetas de cr\u00e9dito ni ninguna forma de pago mediante aplicaciones. \u00a1Cajero autom\u00e1tico en el lugar para su conveniencia!<\/p>\n<\/div><\/div><\/div><\/div><div class=\"panel panel-default wpb_accordion_section group\"><div class=\"panel-heading wpb_accordion_header ui-accordion-header\"><p class=\"panel-title font-weight- text-   icon-size-rg\"><a data-toggle=\"collapse\" data-parent=\"#accordion_860156062\" href=\"#7f25ae6a-b027-0\"><span>\u00bfQu\u00e9 formas de identificaci\u00f3n acepta Holyoke Cannabis como v\u00e1lidas?<\/span><\/a><\/p><\/div><div id=\"7f25ae6a-b027-0\" class=\"panel-collapse collapse\"><div class=\"panel-body wpb_accordion_content ui-accordion-content half-internal-gutter single-block-padding\">\n\t\t\t\t\t\t<div class=\"uncode_text_column\" ><p>Para comprar cualquier producto recreativo, necesitar\u00e1 una identificaci\u00f3n emitida por el gobierno. Esto incluye licencias de conducir, pasaportes, tarjetas de pasaporte, tarjetas de identificaci\u00f3n estatales, identificaci\u00f3n militar. Debe ser mayor de 21 a\u00f1os para poder comprar cualquier producto recreativo.<\/p>\n<\/div><\/div><\/div><\/div><div class=\"panel panel-default wpb_accordion_section group\"><div class=\"panel-heading wpb_accordion_header ui-accordion-header\"><p class=\"panel-title font-weight- text-   icon-size-rg\"><a data-toggle=\"collapse\" data-parent=\"#accordion_860156062\" href=\"#1602603289508-13-9\"><span>\u00bfHolyoke Cannabis guarda mis datos?<\/span><\/a><\/p><\/div><div id=\"1602603289508-13-9\" class=\"panel-collapse collapse\"><div class=\"panel-body wpb_accordion_content ui-accordion-content half-internal-gutter single-block-padding\">\n\t\t\t\t\t\t<div class=\"uncode_text_column\" ><p>Holyoke Cannabis NO retiene la informaci\u00f3n privada y personal de nadie. Todas las comprobaciones de identificaci\u00f3n son solo para verificaci\u00f3n de edad y no se respaldan en ning\u00fan sistema.<\/p>\n<\/div><\/div><\/div><\/div><div class=\"panel panel-default wpb_accordion_section group\"><div class=\"panel-heading wpb_accordion_header ui-accordion-header\"><p class=\"panel-title font-weight- text-   icon-size-rg\"><a data-toggle=\"collapse\" data-parent=\"#accordion_860156062\" href=\"#1602603115499-12-5\"><span>\u00bfLos ni\u00f1os pueden acompa\u00f1arme a la tienda?<\/span><\/a><\/p><\/div><div id=\"1602603115499-12-5\" class=\"panel-collapse collapse\"><div class=\"panel-body wpb_accordion_content ui-accordion-content half-internal-gutter single-block-padding\">\n\t\t\t\t\t\t<div class=\"uncode_text_column\" ><p>No se permitir\u00e1 el acceso a Holyoke Cannabis a menores de 21 a\u00f1os.<\/p>\n<\/div><\/div><\/div><\/div><div class=\"panel panel-default wpb_accordion_section group\"><div class=\"panel-heading wpb_accordion_header ui-accordion-header\"><p class=\"panel-title font-weight- text-   icon-size-rg\"><a data-toggle=\"collapse\" data-parent=\"#accordion_860156062\" href=\"#1602615586647-12-0\"><span>\u00bfPuedo comprar productos si vengo de otro estado?<\/span><\/a><\/p><\/div><div id=\"1602615586647-12-0\" class=\"panel-collapse collapse\"><div class=\"panel-body wpb_accordion_content ui-accordion-content half-internal-gutter single-block-padding\">\n\t\t\t\t\t\t<div class=\"uncode_text_column\" ><p>Si. Ma acepta identificaciones emitidas por el gobierno de otro estado para personas mayores de 21 a\u00f1os. Tenga en cuenta que todos los productos comprados en MA deben disfrutarse dentro de las fronteras estatales.<\/p>\n<\/div><\/div><\/div><\/div><div class=\"panel panel-default wpb_accordion_section group\"><div class=\"panel-heading wpb_accordion_header ui-accordion-header\"><p class=\"panel-title font-weight- text-   icon-size-rg\"><a data-toggle=\"collapse\" data-parent=\"#accordion_860156062\" href=\"#1602615794004-13-5\"><span>\u00bfExiste un l\u00edmite en la cantidad que puedo comprar?<\/span><\/a><\/p><\/div><div id=\"1602615794004-13-5\" class=\"panel-collapse collapse\"><div class=\"panel-body wpb_accordion_content ui-accordion-content half-internal-gutter single-block-padding\">\n\t\t\t\t\t\t<div class=\"uncode_text_column\" ><p>Los clientes de marihuana recreacional pueden comprar legalmente hasta 1 onza de flor de marihuana o 5 gramos de concentrado de marihuana por d\u00eda; Las cantidades de comestibles de marihuana se limitar\u00e1n a 500 mg por d\u00eda como parte del l\u00edmite de 1 oz. Pregunte por nuestros paquetes MAX predise\u00f1ados.<\/p>\n<\/div><\/div><\/div><\/div><div class=\"panel panel-default wpb_accordion_section group\"><div class=\"panel-heading wpb_accordion_header ui-accordion-header\"><p class=\"panel-title font-weight- text-   icon-size-rg\"><a data-toggle=\"collapse\" data-parent=\"#accordion_860156062\" href=\"#1602615873486-14-10\"><span>\u00bfHabr\u00e1 descuentos en productos recreativos?<\/span><\/a><\/p><\/div><div id=\"1602615873486-14-10\" class=\"panel-collapse collapse\"><div class=\"panel-body wpb_accordion_content ui-accordion-content half-internal-gutter single-block-padding\">\n\t\t\t\t\t\t<div class=\"uncode_text_column\" ><p>Debido a las pautas actuales de los CDC, no podemos ofrecer descuentos en ninguno de los productos controlados. \u00a1Mant\u00e9ngase atento a las actualizaciones futuras!<\/p>\n<\/div><\/div><\/div><\/div><div class=\"panel panel-default wpb_accordion_section group\"><div class=\"panel-heading wpb_accordion_header ui-accordion-header\"><p class=\"panel-title font-weight- text-   icon-size-rg\"><a data-toggle=\"collapse\" data-parent=\"#accordion_860156062\" href=\"#1602616033567-15-4\"><span>\u00bfQu\u00e9 pasa si tengo una pregunta general sobre los productos recreativos y la mejor forma de consumirlos?<\/span><\/a><\/p><\/div><div id=\"1602616033567-15-4\" class=\"panel-collapse collapse\"><div class=\"panel-body wpb_accordion_content ui-accordion-content half-internal-gutter single-block-padding\">\n\t\t\t\t\t\t<div class=\"uncode_text_column\" ><p>\u00a1No dudes en preguntar! No dude en llamar, enviar un correo electr\u00f3nico o hacer a cualquiera de nuestros empleados todas las preguntas persistentes que pueda tener. Como muchos de estos productos son nuevos para las personas, la educaci\u00f3n ser\u00e1 la mejor manera de disfrutar plenamente de su compra.<\/p>\n<\/div><\/div><\/div><\/div><div class=\"panel panel-default wpb_accordion_section group\"><div class=\"panel-heading wpb_accordion_header ui-accordion-header\"><p class=\"panel-title font-weight- text-   icon-size-rg\"><a data-toggle=\"collapse\" data-parent=\"#accordion_860156062\" href=\"#1602616197814-12-6\"><span>Indica, Sativa, H\u00edbrida. \u00bfQu\u00e9 significa esto y qu\u00e9 funcionar\u00e1 mejor para m\u00ed?<\/span><\/a><\/p><\/div><div id=\"1602616197814-12-6\" class=\"panel-collapse collapse\"><div class=\"panel-body wpb_accordion_content ui-accordion-content half-internal-gutter single-block-padding\">\n\t\t\t\t\t\t<div class=\"uncode_text_column\" ><p>El cannabis viene en todas sus formas y adquiere una pletra de diferentes efectos. Estos t\u00e9rminos generalizan estos efectos, permiti\u00e9ndonos elegir c\u00f3mo deseamos disfrutarlos. Consulte esta breve gu\u00eda sobre estos tres principales: <a href=\"https:\/\/www.cannabis-nb.com\/learn\/cannabis-101\/indica-sativa-and-hybrid\/\">https:\/\/www.cannabis-nb.com\/learn\/cannabis-101\/indica-sativa-and-hybrid\/<\/a><\/p>\n<\/div><\/div><\/div><\/div><div class=\"panel panel-default wpb_accordion_section group\"><div class=\"panel-heading wpb_accordion_header ui-accordion-header\"><p class=\"panel-title font-weight- text-   icon-size-rg\"><a data-toggle=\"collapse\" data-parent=\"#accordion_860156062\" href=\"#1728500628838-11-2\"><span>Pol\u00edtica de devoluciones<\/span><\/a><\/p><\/div><div id=\"1728500628838-11-2\" class=\"panel-collapse collapse\"><div class=\"panel-body wpb_accordion_content ui-accordion-content half-internal-gutter single-block-padding\">\n\t\t\t\t\t\t<div class=\"uncode_text_column\" ><p>No se admiten cambios ni devoluciones a menos que el producto est\u00e9 defectuoso.<\/p>\n<\/div><\/div><\/div><\/div>\n\t\t<\/div><\/div><div class=\"uncode_text_column\" ><p><strong>\u00a1NO DUDE EN HACER NOSOTROS CUALQUIER PREGUNTA QUE PUEDA TENER!\u00a0<\/strong><\/p>\n<\/div><\/div><\/div><\/div><\/div><\/div><script id=\"script-row-unique-0\" data-row=\"script-row-unique-0\" type=\"text\/javascript\" class=\"vc_controls\">UNCODE.initRow(document.getElementById(\"row-unique-0\"));<\/script><\/div><\/div><\/div><div data-parent=\"true\" class=\"vc_row row-container boomapps_vcrow\" id=\"row-unique-1\"><div class=\"row no-top-padding no-bottom-padding no-h-padding full-width row-parent\"><div class=\"wpb_row row-inner\"><div class=\"wpb_column pos-top pos-center align_left column_parent col-lg-12 boomapps_vccolumn single-internal-gutter\"><div class=\"uncol style-light\"  ><div class=\"uncoltable\"><div class=\"uncell  boomapps_vccolumn no-block-padding\" ><div class=\"uncont\" ><div class=\"divider-wrapper\"  >\n    <hr class=\"unseparator border-,Default-color separator-no-padding\"  \/>\n<\/div>\n<\/div><\/div><\/div><\/div><\/div><script id=\"script-row-unique-1\" data-row=\"script-row-unique-1\" type=\"text\/javascript\" class=\"vc_controls\">UNCODE.initRow(document.getElementById(\"row-unique-1\"));<\/script><\/div><\/div><\/div><div data-parent=\"true\" class=\"vc_row row-container boomapps_vcrow\" id=\"row-unique-2\"><div class=\"row limit-width row-parent\"><div class=\"wpb_row row-inner\"><div class=\"wpb_column pos-top pos-center align_left column_parent col-lg-12 boomapps_vccolumn single-internal-gutter\"><div class=\"uncol style-light\"  ><div class=\"uncoltable\"><div class=\"uncell  boomapps_vccolumn no-block-padding\" ><div class=\"uncont\" ><div class=\"empty-space empty-single\" ><span class=\"empty-space-inner\"><\/span><\/div>\n<\/div><\/div><\/div><\/div><\/div><script id=\"script-row-unique-2\" data-row=\"script-row-unique-2\" type=\"text\/javascript\" class=\"vc_controls\">UNCODE.initRow(document.getElementById(\"row-unique-2\"));<\/script><\/div><\/div><\/div>\n<\/div>","protected":false},"excerpt":{"rendered":"General Questions Are you Adult Use or Medical? Holyoke Cannabis is an adult use only recreational retial facility for 21+ [...]","protected":false},"author":1,"featured_media":0,"parent":0,"menu_order":0,"comment_status":"open","ping_status":"open","template":"","meta":{"_acf_changed":false,"footnotes":""},"class_list":["post-22179","page","type-page","status-publish","hentry"],"acf":[],"yoast_head":"<!-- This site is optimized with the Yoast SEO Premium plugin v27.3 (Yoast SEO v27.3) - https:\/\/yoast.com\/product\/yoast-seo-premium-wordpress\/ -->\n<title>FAQ - HOLYOKE CANNABIS<\/title>\n<meta name=\"robots\" content=\"index, follow, max-snippet:-1, max-image-preview:large, max-video-preview:-1\" \/>\n<link rel=\"canonical\" href=\"https:\/\/holyokecannabis.com\/es\/faq\/\" \/>\n<meta property=\"og:locale\" content=\"es_ES\" \/>\n<meta property=\"og:type\" content=\"article\" \/>\n<meta property=\"og:title\" content=\"FAQ\" \/>\n<meta property=\"og:url\" content=\"https:\/\/holyokecannabis.com\/es\/faq\/\" \/>\n<meta property=\"og:site_name\" content=\"HOLYOKE CANNABIS\" \/>\n<meta property=\"article:publisher\" content=\"https:\/\/www.facebook.com\/holyokecannaofficial\" \/>\n<meta property=\"article:modified_time\" content=\"2024-10-09T19:10:19+00:00\" \/>\n<meta property=\"og:image\" content=\"https:\/\/holyokecannabis.com\/wp-content\/uploads\/2025\/03\/Untitled-15.png\" \/>\n\t<meta property=\"og:image:width\" content=\"1200\" \/>\n\t<meta property=\"og:image:height\" content=\"675\" \/>\n\t<meta property=\"og:image:type\" content=\"image\/png\" \/>\n<meta name=\"twitter:card\" content=\"summary_large_image\" \/>\n<meta name=\"twitter:site\" content=\"@cannabisholyoke\" \/>\n<meta name=\"twitter:label1\" content=\"Tiempo de lectura\" \/>\n\t<meta name=\"twitter:data1\" content=\"3 minutos\" \/>\n<script type=\"application\/ld+json\" class=\"yoast-schema-graph\">{\"@context\":\"https:\\\/\\\/schema.org\",\"@graph\":[{\"@type\":\"WebPage\",\"@id\":\"https:\\\/\\\/holyokecannabis.com\\\/faq\\\/\",\"url\":\"https:\\\/\\\/holyokecannabis.com\\\/faq\\\/\",\"name\":\"FAQ - HOLYOKE CANNABIS\",\"isPartOf\":{\"@id\":\"https:\\\/\\\/holyokecannabis.com\\\/#website\"},\"datePublished\":\"2015-06-11T14:03:51+00:00\",\"dateModified\":\"2024-10-09T19:10:19+00:00\",\"breadcrumb\":{\"@id\":\"https:\\\/\\\/holyokecannabis.com\\\/faq\\\/#breadcrumb\"},\"inLanguage\":\"es\",\"potentialAction\":[{\"@type\":\"ReadAction\",\"target\":[\"https:\\\/\\\/holyokecannabis.com\\\/faq\\\/\"]}]},{\"@type\":\"BreadcrumbList\",\"@id\":\"https:\\\/\\\/holyokecannabis.com\\\/faq\\\/#breadcrumb\",\"itemListElement\":[{\"@type\":\"ListItem\",\"position\":1,\"name\":\"Home\",\"item\":\"https:\\\/\\\/holyokecannabis.com\\\/\"},{\"@type\":\"ListItem\",\"position\":2,\"name\":\"FAQ\"}]},{\"@type\":\"WebSite\",\"@id\":\"https:\\\/\\\/holyokecannabis.com\\\/#website\",\"url\":\"https:\\\/\\\/holyokecannabis.com\\\/\",\"name\":\"HOLYOKE CANNABIS\",\"description\":\"Premium Recreational Cannabis Dispensary in Holyoke Massachusetts\",\"publisher\":{\"@id\":\"https:\\\/\\\/holyokecannabis.com\\\/#organization\"},\"potentialAction\":[{\"@type\":\"SearchAction\",\"target\":{\"@type\":\"EntryPoint\",\"urlTemplate\":\"https:\\\/\\\/holyokecannabis.com\\\/?s={search_term_string}\"},\"query-input\":{\"@type\":\"PropertyValueSpecification\",\"valueRequired\":true,\"valueName\":\"search_term_string\"}}],\"inLanguage\":\"es\"},{\"@type\":\"Organization\",\"@id\":\"https:\\\/\\\/holyokecannabis.com\\\/#organization\",\"name\":\"Holyoke Cannabis Dispensary\",\"alternateName\":\"Holyoke Cannabis\",\"url\":\"https:\\\/\\\/holyokecannabis.com\\\/\",\"logo\":{\"@type\":\"ImageObject\",\"inLanguage\":\"es\",\"@id\":\"https:\\\/\\\/holyokecannabis.com\\\/#\\\/schema\\\/logo\\\/image\\\/\",\"url\":\"https:\\\/\\\/holyokecannabis.com\\\/wp-content\\\/uploads\\\/2020\\\/09\\\/holyokecannabs-logo-1.png\",\"contentUrl\":\"https:\\\/\\\/holyokecannabis.com\\\/wp-content\\\/uploads\\\/2020\\\/09\\\/holyokecannabs-logo-1.png\",\"width\":300,\"height\":59,\"caption\":\"Holyoke Cannabis Dispensary\"},\"image\":{\"@id\":\"https:\\\/\\\/holyokecannabis.com\\\/#\\\/schema\\\/logo\\\/image\\\/\"},\"sameAs\":[\"https:\\\/\\\/www.facebook.com\\\/holyokecannaofficial\",\"https:\\\/\\\/x.com\\\/cannabisholyoke\",\"https:\\\/\\\/mastodon.social\\\/@Holyokecannabis\"]}]}<\/script>\n<!-- \/ Yoast SEO Premium plugin. -->","yoast_head_json":{"title":"FAQ - HOLYOKE CANNABIS","robots":{"index":"index","follow":"follow","max-snippet":"max-snippet:-1","max-image-preview":"max-image-preview:large","max-video-preview":"max-video-preview:-1"},"canonical":"https:\/\/holyokecannabis.com\/es\/faq\/","og_locale":"es_ES","og_type":"article","og_title":"FAQ","og_url":"https:\/\/holyokecannabis.com\/es\/faq\/","og_site_name":"HOLYOKE CANNABIS","article_publisher":"https:\/\/www.facebook.com\/holyokecannaofficial","article_modified_time":"2024-10-09T19:10:19+00:00","og_image":[{"width":1200,"height":675,"url":"https:\/\/holyokecannabis.com\/wp-content\/uploads\/2025\/03\/Untitled-15.png","type":"image\/png"}],"twitter_card":"summary_large_image","twitter_site":"@cannabisholyoke","twitter_misc":{"Tiempo de lectura":"3 minutos"},"schema":{"@context":"https:\/\/schema.org","@graph":[{"@type":"WebPage","@id":"https:\/\/holyokecannabis.com\/faq\/","url":"https:\/\/holyokecannabis.com\/faq\/","name":"FAQ - HOLYOKE CANNABIS","isPartOf":{"@id":"https:\/\/holyokecannabis.com\/#website"},"datePublished":"2015-06-11T14:03:51+00:00","dateModified":"2024-10-09T19:10:19+00:00","breadcrumb":{"@id":"https:\/\/holyokecannabis.com\/faq\/#breadcrumb"},"inLanguage":"es","potentialAction":[{"@type":"ReadAction","target":["https:\/\/holyokecannabis.com\/faq\/"]}]},{"@type":"BreadcrumbList","@id":"https:\/\/holyokecannabis.com\/faq\/#breadcrumb","itemListElement":[{"@type":"ListItem","position":1,"name":"Home","item":"https:\/\/holyokecannabis.com\/"},{"@type":"ListItem","position":2,"name":"FAQ"}]},{"@type":"WebSite","@id":"https:\/\/holyokecannabis.com\/#website","url":"https:\/\/holyokecannabis.com\/","name":"HOLYOKE CANNABIS","description":"Dispensario de Cannabis Recreativo Premium en Holyoke Massachusetts","publisher":{"@id":"https:\/\/holyokecannabis.com\/#organization"},"potentialAction":[{"@type":"SearchAction","target":{"@type":"EntryPoint","urlTemplate":"https:\/\/holyokecannabis.com\/?s={search_term_string}"},"query-input":{"@type":"PropertyValueSpecification","valueRequired":true,"valueName":"search_term_string"}}],"inLanguage":"es"},{"@type":"Organization","@id":"https:\/\/holyokecannabis.com\/#organization","name":"Holyoke Dispensario de Cannabis","alternateName":"Holyoke Cannabis","url":"https:\/\/holyokecannabis.com\/","logo":{"@type":"ImageObject","inLanguage":"es","@id":"https:\/\/holyokecannabis.com\/#\/schema\/logo\/image\/","url":"https:\/\/holyokecannabis.com\/wp-content\/uploads\/2020\/09\/holyokecannabs-logo-1.png","contentUrl":"https:\/\/holyokecannabis.com\/wp-content\/uploads\/2020\/09\/holyokecannabs-logo-1.png","width":300,"height":59,"caption":"Holyoke Cannabis Dispensary"},"image":{"@id":"https:\/\/holyokecannabis.com\/#\/schema\/logo\/image\/"},"sameAs":["https:\/\/www.facebook.com\/holyokecannaofficial","https:\/\/x.com\/cannabisholyoke","https:\/\/mastodon.social\/@Holyokecannabis"]}]}},"_links":{"self":[{"href":"https:\/\/holyokecannabis.com\/es\/wp-json\/wp\/v2\/pages\/22179","targetHints":{"allow":["GET"]}}],"collection":[{"href":"https:\/\/holyokecannabis.com\/es\/wp-json\/wp\/v2\/pages"}],"about":[{"href":"https:\/\/holyokecannabis.com\/es\/wp-json\/wp\/v2\/types\/page"}],"author":[{"embeddable":true,"href":"https:\/\/holyokecannabis.com\/es\/wp-json\/wp\/v2\/users\/1"}],"replies":[{"embeddable":true,"href":"https:\/\/holyokecannabis.com\/es\/wp-json\/wp\/v2\/comments?post=22179"}],"version-history":[{"count":0,"href":"https:\/\/holyokecannabis.com\/es\/wp-json\/wp\/v2\/pages\/22179\/revisions"}],"wp:attachment":[{"href":"https:\/\/holyokecannabis.com\/es\/wp-json\/wp\/v2\/media?parent=22179"}],"curies":[{"name":"wp","href":"https:\/\/api.w.org\/{rel}","templated":true}]}}