{"id":79878,"date":"2019-08-16T12:00:18","date_gmt":"2019-08-16T10:00:18","guid":{"rendered":"https:\/\/undsgn.com\/uncode\/?page_id=79878"},"modified":"2021-02-09T16:55:06","modified_gmt":"2021-02-09T16:55:06","slug":"shop","status":"publish","type":"page","link":"https:\/\/holyokecannabis.com\/es\/homepages\/shop\/","title":{"rendered":"Shop Design"},"content":{"rendered":"<div class=\"wpb-content-wrapper\"><div data-parent=\"true\" class=\"vc_row gradient row-container boomapps_vcrow\" id=\"row-unique-0\"><div class=\"row quad-top-padding quad-bottom-padding double-h-padding full-width row-parent\"><div class=\"wpb_row row-inner\"><div class=\"wpb_column pos-middle pos-center align_center column_parent col-lg-12 boomapps_vccolumn half-internal-gutter\"><div class=\"uncol style-light\"  ><div class=\"uncoltable\"><div class=\"uncell  boomapps_vccolumn no-block-padding\" ><div class=\"uncont\" ><div class=\"vc_row row-internal row-container boomapps_vcrow\"><div class=\"row row-child\"><div class=\"wpb_row row-inner\"><div class=\"wpb_column pos-top pos-center align_center column_child col-lg-6 boomapps_vccolumn half-internal-gutter\"><div class=\"uncol style-light\" ><div class=\"uncoltable\"><div class=\"uncell  boomapps_vccolumn no-block-padding\" ><div class=\"uncont\" ><div class=\"uncode-single-media  text-right animate_when_almost_visible left-t-right\"><div class=\"single-wrapper\" style=\"max-width: 100%;\"><div class=\"tmb tmb-light  tmb-shadowed tmb-shadowed-none tmb-media-first tmb-media-last tmb-content-overlay tmb-no-bg tmb-lightbox\"><div class=\"t-inside\"><div class=\"t-entry-visual\"><div class=\"t-entry-visual-tc\"><div class=\"uncode-single-media-wrapper\"><div class=\"dummy\" style=\"padding-top: 68.6%;\"><\/div><a href=\"https:\/\/holyokecannabis.com\/wp-content\/uploads\/2020\/10\/holyoke-cannabis-phone2.png\" class=\"pushed\" data-active=\"1\" data-lbox=\"ilightbox_single-82819\" data-options=\"width:1000,height:686,thumbnail: 'https:\/\/holyokecannabis.com\/wp-content\/uploads\/2020\/10\/holyoke-cannabis-phone2-300x206.png'\"><img decoding=\"async\" class=\"wp-image-82819\" src=\"https:\/\/holyokecannabis.com\/wp-content\/uploads\/2020\/10\/holyoke-cannabis-phone2.png\" width=\"1000\" height=\"686\" alt=\"\" srcset=\"https:\/\/holyokecannabis.com\/wp-content\/uploads\/2020\/10\/holyoke-cannabis-phone2.png 1000w, https:\/\/holyokecannabis.com\/wp-content\/uploads\/2020\/10\/holyoke-cannabis-phone2-300x206.png 300w, https:\/\/holyokecannabis.com\/wp-content\/uploads\/2020\/10\/holyoke-cannabis-phone2-768x527.png 768w, https:\/\/holyokecannabis.com\/wp-content\/uploads\/2020\/10\/holyoke-cannabis-phone2-600x412.png 600w\" sizes=\"(max-width: 1000px) 100vw, 1000px\" \/><\/a><\/div>\n\t\t\t\t\t<\/div>\n\t\t\t\t<\/div><\/div><\/div><\/div><\/div><\/div><\/div><\/div><\/div><\/div><div class=\"wpb_column pos-top pos-center align_left align_center_tablet align_center_mobile column_child col-lg-6 boomapps_vccolumn single-internal-gutter\"><div class=\"uncol style-light\" ><div class=\"uncoltable\"><div class=\"uncell  boomapps_vccolumn triple-block-padding\" ><div class=\"uncont\" ><div class=\"vc_custom_heading_wrap\"><div class=\"heading-text el-text\" ><h2 class=\"font-762333 h2 fontheight-357766 fontspace-111509 font-weight-700\" ><span>INGRESE SU TEL\u00c9FONO O CORREO ELECTR\u00d3NICO PARA SER EL PRIMERO EN SABER SOBRE EL LANZAMIENTO DE NUESTRO MEN\u00da RECREATIVO!<\/span><\/h2><\/div><div class=\"clear\"><\/div><\/div><div class=\"vc_custom_heading_wrap\"><div class=\"heading-text el-text\" ><h3 class=\"font-762333 h5 fontheight-524109 font-weight-400 text-color-wvjs-color\" ><span>Reciba noticias y promociones especiales exclusivas de Holyoke Cannabis. \u00a1Mant\u00e9ngase actualizado sobre lanzamientos de nuevos productos, paquetes y educaci\u00f3n sobre productos!<\/span><\/h3><\/div><div class=\"clear\"><\/div><\/div><div class=\"empty-space empty-quart\" ><span class=\"empty-space-inner\"><\/span><\/div>\n\n<div class=\"wpcf7 no-js\" id=\"wpcf7-f82610-o1\" lang=\"en-US\" dir=\"ltr\" data-wpcf7-id=\"82610\">\n<div class=\"screen-reader-response\"><p role=\"status\" aria-live=\"polite\" aria-atomic=\"true\"><\/p> <ul><\/ul><\/div>\n<form action=\"\/es\/wp-json\/wp\/v2\/pages\/79878#wpcf7-f82610-o1\" method=\"post\" class=\"wpcf7-form init\" aria-label=\"Contact form\" novalidate=\"novalidate\" data-status=\"init\" data-trp-original-action=\"\/es\/wp-json\/wp\/v2\/pages\/79878#wpcf7-f82610-o1\">\n<fieldset class=\"hidden-fields-container\"><input type=\"hidden\" name=\"_wpcf7\" value=\"82610\" \/><input type=\"hidden\" name=\"_wpcf7_version\" value=\"6.1.5\" \/><input type=\"hidden\" name=\"_wpcf7_locale\" value=\"en_US\" \/><input type=\"hidden\" name=\"_wpcf7_unit_tag\" value=\"wpcf7-f82610-o1\" \/><input type=\"hidden\" name=\"_wpcf7_container_post\" value=\"0\" \/><input type=\"hidden\" name=\"_wpcf7_posted_data_hash\" value=\"\" \/>\n<\/fieldset>\n<div class=\"wpcf7-inline-wrapper wpcf7-input-group\">\n\t<p class=\"wpcf7-inline-field wpcf7-inline-field-text\"><span class=\"wpcf7-form-control-wrap\" data-name=\"your-email\"><input size=\"40\" maxlength=\"400\" class=\"wpcf7-form-control wpcf7-email wpcf7-validates-as-required wpcf7-text wpcf7-validates-as-email\" aria-required=\"true\" aria-invalid=\"false\" placeholder=\"Su email o telefono\" value=\"\" type=\"email\" name=\"your-email\" \/><\/span>\n\t<\/p>\n\t<p class=\"wpcf7-inline-field wpcf7-inline-field-btn\"><input class=\"wpcf7-form-control wpcf7-submit has-spinner btn btn-success btn-flat\" type=\"submit\" value=\"Enviar\" \/>\n\t<\/p>\n<\/div><p style=\"display: none !important;\" class=\"akismet-fields-container\" data-prefix=\"_wpcf7_ak_\"><label>&#916;<textarea name=\"_wpcf7_ak_hp_textarea\" cols=\"45\" rows=\"8\" maxlength=\"100\"><\/textarea><\/label><input type=\"hidden\" id=\"ak_js_1\" name=\"_wpcf7_ak_js\" value=\"3\"\/><script>document.getElementById( \"ak_js_1\" ).setAttribute( \"value\", ( new Date() ).getTime() );<\/script><\/p><div class=\"wpcf7-response-output\" aria-hidden=\"true\"><\/div>\n<input type=\"hidden\" name=\"trp-form-language\" value=\"es\"\/><\/form>\n<\/div>\n<\/div><\/div><\/div><\/div><\/div><\/div><\/div><\/div><\/div><\/div><\/div><\/div><\/div><script id=\"script-row-unique-0\" data-row=\"script-row-unique-0\" type=\"text\/javascript\" class=\"vc_controls\">UNCODE.initRow(document.getElementById(\"row-unique-0\"));<\/script><\/div><\/div><\/div>\n<\/div>","protected":false},"excerpt":{"rendered":"ENTER YOUR PHONE OR EMAIL TO BE THE FIRST TO KNOW ABOUT OUR RECREATIONAL MENU LAUNCH!Recieve exclusive Holyoke Cannabis updates, [...]","protected":false},"author":1,"featured_media":81637,"parent":43938,"menu_order":0,"comment_status":"closed","ping_status":"closed","template":"","meta":{"_acf_changed":false,"footnotes":""},"class_list":["post-79878","page","type-page","status-publish","has-post-thumbnail","hentry","page_category-demo-shop"],"acf":[],"yoast_head":"<!-- This site is optimized with the Yoast SEO Premium plugin v27.3 (Yoast SEO v27.3) - https:\/\/yoast.com\/product\/yoast-seo-premium-wordpress\/ -->\n<title>Shop Design - HOLYOKE CANNABIS<\/title>\n<meta name=\"robots\" content=\"index, follow, max-snippet:-1, max-image-preview:large, max-video-preview:-1\" \/>\n<link rel=\"canonical\" href=\"https:\/\/holyokecannabis.com\/es\/homepages\/shop\/\" \/>\n<meta property=\"og:locale\" content=\"es_ES\" \/>\n<meta property=\"og:type\" content=\"article\" \/>\n<meta property=\"og:title\" content=\"Shop Design\" \/>\n<meta property=\"og:url\" content=\"https:\/\/holyokecannabis.com\/es\/homepages\/shop\/\" \/>\n<meta property=\"og:site_name\" content=\"HOLYOKE CANNABIS\" \/>\n<meta property=\"article:publisher\" content=\"https:\/\/www.facebook.com\/holyokecannaofficial\" \/>\n<meta property=\"article:modified_time\" content=\"2021-02-09T16:55:06+00:00\" \/>\n<meta property=\"og:image\" content=\"https:\/\/holyokecannabis.com\/wp-content\/uploads\/2019\/10\/HP-Shop-Design-Uncode-min.jpg\" \/>\n\t<meta property=\"og:image:width\" content=\"1600\" \/>\n\t<meta property=\"og:image:height\" content=\"1066\" \/>\n\t<meta property=\"og:image:type\" content=\"image\/jpeg\" \/>\n<meta name=\"twitter:card\" content=\"summary_large_image\" \/>\n<meta name=\"twitter:site\" content=\"@cannabisholyoke\" \/>\n<meta name=\"twitter:label1\" content=\"Tiempo de lectura\" \/>\n\t<meta name=\"twitter:data1\" content=\"1 minuto\" \/>\n<script type=\"application\/ld+json\" class=\"yoast-schema-graph\">{\"@context\":\"https:\\\/\\\/schema.org\",\"@graph\":[{\"@type\":\"WebPage\",\"@id\":\"https:\\\/\\\/holyokecannabis.com\\\/homepages\\\/shop\\\/\",\"url\":\"https:\\\/\\\/holyokecannabis.com\\\/homepages\\\/shop\\\/\",\"name\":\"Shop Design - HOLYOKE CANNABIS\",\"isPartOf\":{\"@id\":\"https:\\\/\\\/holyokecannabis.com\\\/#website\"},\"primaryImageOfPage\":{\"@id\":\"https:\\\/\\\/holyokecannabis.com\\\/homepages\\\/shop\\\/#primaryimage\"},\"image\":{\"@id\":\"https:\\\/\\\/holyokecannabis.com\\\/homepages\\\/shop\\\/#primaryimage\"},\"thumbnailUrl\":\"https:\\\/\\\/holyokecannabis.com\\\/wp-content\\\/uploads\\\/2019\\\/10\\\/HP-Shop-Design-Uncode-min.jpg\",\"datePublished\":\"2019-08-16T10:00:18+00:00\",\"dateModified\":\"2021-02-09T16:55:06+00:00\",\"breadcrumb\":{\"@id\":\"https:\\\/\\\/holyokecannabis.com\\\/homepages\\\/shop\\\/#breadcrumb\"},\"inLanguage\":\"es\",\"potentialAction\":[{\"@type\":\"ReadAction\",\"target\":[\"https:\\\/\\\/holyokecannabis.com\\\/homepages\\\/shop\\\/\"]}]},{\"@type\":\"ImageObject\",\"inLanguage\":\"es\",\"@id\":\"https:\\\/\\\/holyokecannabis.com\\\/homepages\\\/shop\\\/#primaryimage\",\"url\":\"https:\\\/\\\/holyokecannabis.com\\\/wp-content\\\/uploads\\\/2019\\\/10\\\/HP-Shop-Design-Uncode-min.jpg\",\"contentUrl\":\"https:\\\/\\\/holyokecannabis.com\\\/wp-content\\\/uploads\\\/2019\\\/10\\\/HP-Shop-Design-Uncode-min.jpg\",\"width\":1600,\"height\":1066,\"caption\":\"Shop Design\"},{\"@type\":\"BreadcrumbList\",\"@id\":\"https:\\\/\\\/holyokecannabis.com\\\/homepages\\\/shop\\\/#breadcrumb\",\"itemListElement\":[{\"@type\":\"ListItem\",\"position\":1,\"name\":\"Home\",\"item\":\"https:\\\/\\\/holyokecannabis.com\\\/\"},{\"@type\":\"ListItem\",\"position\":2,\"name\":\"Homepages\",\"item\":\"https:\\\/\\\/holyokecannabis.com\\\/homepages\\\/\"},{\"@type\":\"ListItem\",\"position\":3,\"name\":\"Shop Design\"}]},{\"@type\":\"WebSite\",\"@id\":\"https:\\\/\\\/holyokecannabis.com\\\/#website\",\"url\":\"https:\\\/\\\/holyokecannabis.com\\\/\",\"name\":\"HOLYOKE CANNABIS\",\"description\":\"Premium Recreational Cannabis Dispensary in Holyoke Massachusetts\",\"publisher\":{\"@id\":\"https:\\\/\\\/holyokecannabis.com\\\/#organization\"},\"potentialAction\":[{\"@type\":\"SearchAction\",\"target\":{\"@type\":\"EntryPoint\",\"urlTemplate\":\"https:\\\/\\\/holyokecannabis.com\\\/?s={search_term_string}\"},\"query-input\":{\"@type\":\"PropertyValueSpecification\",\"valueRequired\":true,\"valueName\":\"search_term_string\"}}],\"inLanguage\":\"es\"},{\"@type\":\"Organization\",\"@id\":\"https:\\\/\\\/holyokecannabis.com\\\/#organization\",\"name\":\"Holyoke Cannabis Dispensary\",\"alternateName\":\"Holyoke Cannabis\",\"url\":\"https:\\\/\\\/holyokecannabis.com\\\/\",\"logo\":{\"@type\":\"ImageObject\",\"inLanguage\":\"es\",\"@id\":\"https:\\\/\\\/holyokecannabis.com\\\/#\\\/schema\\\/logo\\\/image\\\/\",\"url\":\"https:\\\/\\\/holyokecannabis.com\\\/wp-content\\\/uploads\\\/2020\\\/09\\\/holyokecannabs-logo-1.png\",\"contentUrl\":\"https:\\\/\\\/holyokecannabis.com\\\/wp-content\\\/uploads\\\/2020\\\/09\\\/holyokecannabs-logo-1.png\",\"width\":300,\"height\":59,\"caption\":\"Holyoke Cannabis Dispensary\"},\"image\":{\"@id\":\"https:\\\/\\\/holyokecannabis.com\\\/#\\\/schema\\\/logo\\\/image\\\/\"},\"sameAs\":[\"https:\\\/\\\/www.facebook.com\\\/holyokecannaofficial\",\"https:\\\/\\\/x.com\\\/cannabisholyoke\",\"https:\\\/\\\/mastodon.social\\\/@Holyokecannabis\"]}]}<\/script>\n<!-- \/ Yoast SEO Premium plugin. -->","yoast_head_json":{"title":"Shop Design - HOLYOKE CANNABIS","robots":{"index":"index","follow":"follow","max-snippet":"max-snippet:-1","max-image-preview":"max-image-preview:large","max-video-preview":"max-video-preview:-1"},"canonical":"https:\/\/holyokecannabis.com\/es\/homepages\/shop\/","og_locale":"es_ES","og_type":"article","og_title":"Shop Design","og_url":"https:\/\/holyokecannabis.com\/es\/homepages\/shop\/","og_site_name":"HOLYOKE CANNABIS","article_publisher":"https:\/\/www.facebook.com\/holyokecannaofficial","article_modified_time":"2021-02-09T16:55:06+00:00","og_image":[{"width":1600,"height":1066,"url":"https:\/\/holyokecannabis.com\/wp-content\/uploads\/2019\/10\/HP-Shop-Design-Uncode-min.jpg","type":"image\/jpeg"}],"twitter_card":"summary_large_image","twitter_site":"@cannabisholyoke","twitter_misc":{"Tiempo de lectura":"1 minuto"},"schema":{"@context":"https:\/\/schema.org","@graph":[{"@type":"WebPage","@id":"https:\/\/holyokecannabis.com\/homepages\/shop\/","url":"https:\/\/holyokecannabis.com\/homepages\/shop\/","name":"Shop Design - HOLYOKE CANNABIS","isPartOf":{"@id":"https:\/\/holyokecannabis.com\/#website"},"primaryImageOfPage":{"@id":"https:\/\/holyokecannabis.com\/homepages\/shop\/#primaryimage"},"image":{"@id":"https:\/\/holyokecannabis.com\/homepages\/shop\/#primaryimage"},"thumbnailUrl":"https:\/\/holyokecannabis.com\/wp-content\/uploads\/2019\/10\/HP-Shop-Design-Uncode-min.jpg","datePublished":"2019-08-16T10:00:18+00:00","dateModified":"2021-02-09T16:55:06+00:00","breadcrumb":{"@id":"https:\/\/holyokecannabis.com\/homepages\/shop\/#breadcrumb"},"inLanguage":"es","potentialAction":[{"@type":"ReadAction","target":["https:\/\/holyokecannabis.com\/homepages\/shop\/"]}]},{"@type":"ImageObject","inLanguage":"es","@id":"https:\/\/holyokecannabis.com\/homepages\/shop\/#primaryimage","url":"https:\/\/holyokecannabis.com\/wp-content\/uploads\/2019\/10\/HP-Shop-Design-Uncode-min.jpg","contentUrl":"https:\/\/holyokecannabis.com\/wp-content\/uploads\/2019\/10\/HP-Shop-Design-Uncode-min.jpg","width":1600,"height":1066,"caption":"Shop Design"},{"@type":"BreadcrumbList","@id":"https:\/\/holyokecannabis.com\/homepages\/shop\/#breadcrumb","itemListElement":[{"@type":"ListItem","position":1,"name":"Home","item":"https:\/\/holyokecannabis.com\/"},{"@type":"ListItem","position":2,"name":"Homepages","item":"https:\/\/holyokecannabis.com\/homepages\/"},{"@type":"ListItem","position":3,"name":"Shop Design"}]},{"@type":"WebSite","@id":"https:\/\/holyokecannabis.com\/#website","url":"https:\/\/holyokecannabis.com\/","name":"HOLYOKE CANNABIS","description":"Dispensario de Cannabis Recreativo Premium en Holyoke Massachusetts","publisher":{"@id":"https:\/\/holyokecannabis.com\/#organization"},"potentialAction":[{"@type":"SearchAction","target":{"@type":"EntryPoint","urlTemplate":"https:\/\/holyokecannabis.com\/?s={search_term_string}"},"query-input":{"@type":"PropertyValueSpecification","valueRequired":true,"valueName":"search_term_string"}}],"inLanguage":"es"},{"@type":"Organization","@id":"https:\/\/holyokecannabis.com\/#organization","name":"Holyoke Dispensario de Cannabis","alternateName":"Holyoke Cannabis","url":"https:\/\/holyokecannabis.com\/","logo":{"@type":"ImageObject","inLanguage":"es","@id":"https:\/\/holyokecannabis.com\/#\/schema\/logo\/image\/","url":"https:\/\/holyokecannabis.com\/wp-content\/uploads\/2020\/09\/holyokecannabs-logo-1.png","contentUrl":"https:\/\/holyokecannabis.com\/wp-content\/uploads\/2020\/09\/holyokecannabs-logo-1.png","width":300,"height":59,"caption":"Holyoke Cannabis Dispensary"},"image":{"@id":"https:\/\/holyokecannabis.com\/#\/schema\/logo\/image\/"},"sameAs":["https:\/\/www.facebook.com\/holyokecannaofficial","https:\/\/x.com\/cannabisholyoke","https:\/\/mastodon.social\/@Holyokecannabis"]}]}},"_links":{"self":[{"href":"https:\/\/holyokecannabis.com\/es\/wp-json\/wp\/v2\/pages\/79878","targetHints":{"allow":["GET"]}}],"collection":[{"href":"https:\/\/holyokecannabis.com\/es\/wp-json\/wp\/v2\/pages"}],"about":[{"href":"https:\/\/holyokecannabis.com\/es\/wp-json\/wp\/v2\/types\/page"}],"author":[{"embeddable":true,"href":"https:\/\/holyokecannabis.com\/es\/wp-json\/wp\/v2\/users\/1"}],"replies":[{"embeddable":true,"href":"https:\/\/holyokecannabis.com\/es\/wp-json\/wp\/v2\/comments?post=79878"}],"version-history":[{"count":0,"href":"https:\/\/holyokecannabis.com\/es\/wp-json\/wp\/v2\/pages\/79878\/revisions"}],"up":[{"embeddable":true,"href":"https:\/\/holyokecannabis.com\/es\/wp-json\/wp\/v2\/pages\/43938"}],"wp:featuredmedia":[{"embeddable":true,"href":"https:\/\/holyokecannabis.com\/es\/wp-json\/wp\/v2\/media\/81637"}],"wp:attachment":[{"href":"https:\/\/holyokecannabis.com\/es\/wp-json\/wp\/v2\/media?parent=79878"}],"curies":[{"name":"wp","href":"https:\/\/api.w.org\/{rel}","templated":true}]}}