{"id":82743,"date":"2020-09-11T20:03:22","date_gmt":"2020-09-11T20:03:22","guid":{"rendered":"https:\/\/holyokecannabis.com\/about-us-copy-3\/"},"modified":"2025-03-11T13:52:06","modified_gmt":"2025-03-11T17:52:06","slug":"carrera","status":"publish","type":"page","link":"https:\/\/holyokecannabis.com\/es\/carreer\/","title":{"rendered":"Carreras en Holyoke Cannabis"},"content":{"rendered":"<div class=\"wpb-content-wrapper\"><div data-parent=\"true\" class=\"vc_row has-bg need-focus style-color-xsdn-bg row-container boomapps_vcrow\" id=\"row-unique-0\"><div class=\"row quad-top-padding quad-bottom-padding double-h-padding limit-width row-parent\"><div class=\"wpb_row row-inner\"><div class=\"wpb_column pos-bottom pos-center align_left column_parent col-lg-12 boomapps_vccolumn single-internal-gutter\"><div class=\"uncol style-light\"  ><div class=\"uncoltable\"><div class=\"uncell  boomapps_vccolumn no-block-padding\" ><div class=\"uncont\" ><div class=\"vc_row row-internal row-container boomapps_vcrow\"><div class=\"row row-child\"><div class=\"wpb_row row-inner\"><div class=\"wpb_column pos-middle pos-center align_left align_center_tablet align_center_mobile column_child col-lg-6 boomapps_vccolumn single-internal-gutter\"><div class=\"uncol style-light\" ><div class=\"uncoltable\"><div class=\"uncell  boomapps_vccolumn no-block-padding\" ><div class=\"uncont\" ><div class=\"vc_custom_heading_wrap\"><div class=\"heading-text el-text heading-bigtext zoom-out animate_when_almost_visible\" data-delay=\"800\"><h1 class=\"font-762333 bigtext fontheight-179065 fontspace-111509 font-weight-700\" ><span>\u00danete al equipo de cannabis de Holyokes<\/span><\/h1><div class=\"text-lead\"><h2>Comienza tu carrera en el mundo del cannabis<\/h2>\n<\/div><\/div><div class=\"clear\"><\/div><\/div><div class=\"uncode_text_column top-t-bottom animate_when_almost_visible\" ><p>Holyoke Cannabis ofrece una amplia gama de puestos tanto a tiempo parcial como a tiempo completo. \u00a1P\u00f3ngase en contacto con nosotros para actualizaciones sobre las necesidades de personal! Esta es su oportunidad de comenzar su carrera en el cannabis.<\/p>\n<\/div><\/div><\/div><\/div><\/div><\/div><div class=\"wpb_column pos-top pos-center align_left column_child col-lg-6 boomapps_vccolumn single-internal-gutter\"><div class=\"uncol style-light shift_x_single animate_when_almost_visible bottom-t-top\" data-delay=\"200\"><div class=\"uncoltable\"><div class=\"uncell  boomapps_vccolumn no-block-padding\" ><div class=\"uncont\" ><div class=\"uncode-single-media  text-left\"><div class=\"single-wrapper\" style=\"max-width: 100%;\"><div class=\"tmb tmb-light  tmb-media-first tmb-media-last tmb-content-overlay tmb-no-bg\"><div class=\"t-inside\"><div class=\"t-entry-visual\"><div class=\"t-entry-visual-tc\"><div class=\"uncode-single-media-wrapper\"><img decoding=\"async\" class=\"wp-image-82715\" src=\"https:\/\/holyokecannabis.com\/wp-content\/uploads\/2020\/09\/tshirt-logo.jpg\" width=\"2000\" height=\"1429\" alt=\"\" srcset=\"https:\/\/holyokecannabis.com\/wp-content\/uploads\/2020\/09\/tshirt-logo.jpg 2000w, https:\/\/holyokecannabis.com\/wp-content\/uploads\/2020\/09\/tshirt-logo-300x214.jpg 300w, https:\/\/holyokecannabis.com\/wp-content\/uploads\/2020\/09\/tshirt-logo-1024x732.jpg 1024w, https:\/\/holyokecannabis.com\/wp-content\/uploads\/2020\/09\/tshirt-logo-768x549.jpg 768w, https:\/\/holyokecannabis.com\/wp-content\/uploads\/2020\/09\/tshirt-logo-1536x1097.jpg 1536w, https:\/\/holyokecannabis.com\/wp-content\/uploads\/2020\/09\/tshirt-logo-600x429.jpg 600w\" sizes=\"(max-width: 2000px) 100vw, 2000px\" \/><\/div>\n\t\t\t\t\t<\/div>\n\t\t\t\t<\/div><\/div><\/div><\/div><\/div><\/div><\/div><\/div><\/div><\/div><\/div><\/div><\/div><\/div><\/div><\/div><\/div><\/div><script id=\"script-row-unique-0\" data-row=\"script-row-unique-0\" type=\"text\/javascript\" class=\"vc_controls\">UNCODE.initRow(document.getElementById(\"row-unique-0\"));<\/script><\/div><\/div><\/div><div data-parent=\"true\" class=\"vc_row row-container boomapps_vcrow\" id=\"row-unique-1\"><div class=\"row quad-top-padding quad-bottom-padding single-h-padding limit-width row-parent\"><div class=\"wpb_row row-inner\"><div class=\"wpb_column pos-top pos-center align_left column_parent col-lg-12 boomapps_vccolumn single-internal-gutter\"><div class=\"uncol style-light\"  ><div class=\"uncoltable\"><div class=\"uncell  boomapps_vccolumn no-block-padding\" ><div class=\"uncont\" ><div class=\"vc_custom_heading_wrap\"><div class=\"heading-text el-text\" ><\/div><div class=\"clear\"><\/div><\/div><div class=\"vc_row vc_custom_1599855710056 border-color-uydo-color row-internal row-container boomapps_vcrow\" style=\"border-style: solid;border-bottom-width: 1px ;padding-bottom: 20px ;\"><div class=\"row row-child\"><div class=\"wpb_row row-inner\"><div class=\"wpb_column pos-top pos-center align_left column_child col-lg-12 boomapps_vccolumn single-internal-gutter\"><div class=\"uncol style-light\" ><div class=\"uncoltable\"><div class=\"uncell  vc_custom_1599855321938 boomapps_vccolumn border-color-uydo-color no-block-padding\" style=\"border-bottom-width: 1px ;\" ><div class=\"uncont\" ><div class=\"vc_custom_heading_wrap\"><div class=\"heading-text el-text\" ><h4 class=\"h4 font-weight-600\" ><span><strong>Budtenders<\/strong><\/span><\/h4><\/div><div class=\"clear\"><\/div><\/div><div class=\"uncode_text_column\" ><p>Si est\u00e1s buscando dar tu primer paso hacia una posici\u00f3n de liderazgo, \u00a1entonces considera un puesto de Supervisor de Turno en Holyoke Cannabis! Proporcionar un excelente servicio al cliente, mientras que la defensa de nuestras pol\u00edticas fundamentales de la empresa. Ser el medio entre nuestros Budtenders y el Gerente de la Tienda. Ayudar con la auditor\u00eda de la b\u00f3veda y los deberes de apertura \/ cierre.<\/p>\n<p><strong>Responsabilidades<\/strong><\/p>\n<ul>\n<li>Asesorar a los clientes sobre los productos de cannabis adecuados en funci\u00f3n de sus necesidades, preferencias, presupuestos, etc.<\/li>\n<li>Mantenerse al d\u00eda sobre los nuevos productos de cannabis y las \u00faltimas tendencias del sector a trav\u00e9s de ferias comerciales e investigaciones.<\/li>\n<li>Procesar los pagos de los clientes<\/li>\n<li>Mantener una tienda organizada y limpia<\/li>\n<li>Educar a los clientes sobre el uso seguro de los productos de cannabis seleccionados.<\/li>\n<li>Pesar, envasar y etiquetar correctamente los productos de cannabis seg\u00fan sea necesario<\/li>\n<li>Verificaci\u00f3n de la documentaci\u00f3n e identificaciones de los clientes<\/li>\n<li>Supervisar y mantener el inventario de la tienda<\/li>\n<\/ul>\n<p>\n<\/div><span class=\"btn-container\" ><a role=\"button\"  href=\"https:\/\/holyokecannabis.com\/career-submit\/\" class=\"custom-link h5 btn-custom-typo font-762333 font-weight-600 text-uppercase no-letterspace border-width-0 text-color-306682-color btn-icon-left\">Aplica Ya<\/a><\/span><\/div><\/div><\/div><\/div><\/div><\/div><\/div><\/div><\/div><\/div><\/div><\/div><\/div><script id=\"script-row-unique-1\" data-row=\"script-row-unique-1\" type=\"text\/javascript\" class=\"vc_controls\">UNCODE.initRow(document.getElementById(\"row-unique-1\"));<\/script><\/div><\/div><\/div><div data-parent=\"true\" class=\"vc_row has-bg need-focus style-color-nhtu-bg row-container boomapps_vcrow\" id=\"row-unique-2\"><div class=\"row unequal col-no-gutter no-top-padding no-bottom-padding no-h-padding full-width row-parent\"><div class=\"wpb_row row-inner\"><div class=\"wpb_column pos-middle pos-center align_left column_parent col-lg-6 boomapps_vccolumn single-internal-gutter\"><div class=\"uncol style-light animate_when_almost_visible bottom-t-top\"  data-delay=\"200\"><div class=\"uncoltable\"><div class=\"uncell  boomapps_vccolumn no-block-padding\" ><div class=\"column-background background-element\">\n\t\t\t\t\t\t\t\t\t\t\t<div class=\"background-wrapper\">\n\t\t\t\t\t\t\t\t\t\t\t\t<div class=\"background-inner\" style=\"background-image: url(https:\/\/holyokecannabis.com\/wp-content\/uploads\/2020\/09\/map.jpg);background-repeat: no-repeat;background-position: center center;background-size: cover;\" data-o_src=\"https:\/\/holyokecannabis.com\/wp-content\/uploads\/2020\/09\/map.jpg\"><\/div>\n\t\t\t\t\t\t\t\t\t\t\t\t\n\t\t\t\t\t\t\t\t\t\t\t<\/div>\n\t\t\t\t\t\t\t\t\t\t<\/div><div class=\"uncont\" ><div class=\"uncode-single-media  text-left\"><div class=\"single-wrapper\" style=\"max-width: 100%;\"><a class=\"single-media-link\" href=\"https:\/\/www.google.com\/maps\/place\/380+Dwight+St+%233,+Holyoke,+MA+01040\/data=!4m2!3m1!1s0x89e6dc1871bb4971:0x78c269c32362a3d4?sa=X&amp;ved=2ahUKEwjs6b_S6IftAhUEGFkFHcPKAb4Q8gEwAHoECAcQAQ\" title=\"MAPAS ABIERTOS\"><div class=\"tmb tmb-light  tmb-media-first tmb-media-last tmb-content-overlay tmb-no-bg\"><div class=\"t-inside\"><div class=\"t-entry-visual\"><div class=\"t-entry-visual-tc\"><div class=\"uncode-single-media-wrapper\"><img decoding=\"async\" class=\"wp-image-82840\" src=\"https:\/\/holyokecannabis.com\/wp-content\/uploads\/2020\/11\/map-holyokecannabis-lag.jpg\" width=\"950\" height=\"750\" alt=\"\" srcset=\"https:\/\/holyokecannabis.com\/wp-content\/uploads\/2020\/11\/map-holyokecannabis-lag.jpg 950w, https:\/\/holyokecannabis.com\/wp-content\/uploads\/2020\/11\/map-holyokecannabis-lag-300x237.jpg 300w, https:\/\/holyokecannabis.com\/wp-content\/uploads\/2020\/11\/map-holyokecannabis-lag-768x606.jpg 768w, https:\/\/holyokecannabis.com\/wp-content\/uploads\/2020\/11\/map-holyokecannabis-lag-600x474.jpg 600w\" sizes=\"(max-width: 950px) 100vw, 950px\" \/><\/div>\n\t\t\t\t\t<\/div>\n\t\t\t\t<\/div><\/div><\/div><\/a><\/div><\/div><\/div><\/div><\/div><\/div><\/div><div class=\"wpb_column pos-middle pos-left align_left align_center_tablet align_center_mobile column_parent col-lg-6 boomapps_vccolumn single-internal-gutter\"><div class=\"uncol style-light animate_when_almost_visible bottom-t-top\"  data-delay=\"400\"><div class=\"uncoltable\"><div class=\"uncell  boomapps_vccolumn border-color-gyho-color double-block-padding style-color-lxmt-bg has-bg\" style=\"border-style: solid;\" ><div class=\"column-background background-element\" style=\"opacity: 1;\">\n\t\t\t\t\t\t\t\t\t\t\t<div class=\"background-wrapper\">\n\t\t\t\t\t\t\t\t\t\t\t\t<div class=\"background-inner\"><\/div>\n\t\t\t\t\t\t\t\t\t\t\t\t<div class=\"block-bg-overlay style-color-jevc-bg\" style=\"opacity: 0.75;\"><\/div>\n\t\t\t\t\t\t\t\t\t\t\t<\/div>\n\t\t\t\t\t\t\t\t\t\t<\/div><div class=\"uncont\" style=\" max-width:76%;\" ><div class=\"vc_custom_heading_wrap\"><div class=\"heading-text el-text\" ><h2 class=\"font-762333 h1 fontheight-179065 fontspace-111509 font-weight-800 text-color-xsdn-color text-capitalize\" ><span>Informaci\u00f3n Del Dispensary<\/span><\/h2><\/div><div class=\"clear\"><\/div><\/div><div class=\"uncode_text_column text-lead\" ><p><span style=\"color: #ffffff; font-size: 16px;\">Nuestro amable personal est\u00e1 aqu\u00ed para ayudarlo con cualquiera de sus necesidades de cannabis. Pregunte por nuestro personal biling\u00fce que habla espa\u00f1ol para que su experiencia recreativa sea m\u00e1s f\u00e1cil y placentera.<\/span><\/p>\n<\/div><div class=\"vc_custom_heading_wrap\"><div class=\"heading-text el-text\" ><h4 class=\"font-762333 h4 fontspace-111509 font-weight-800 text-color-xsdn-color text-capitalize\" ><span>Nuestra Ubicaci\u00f3n<\/span><\/h4><\/div><div class=\"clear\"><\/div><\/div><div class=\"uncode_text_column vc_custom_1628705658189 text-lead\"  style=\"margin-top: -1px ;\"><p><span style=\"color: #ffffff; font-size: 14px;\">380 Dwight St Holyoke, MA 01040<br \/>\nTelefono: (413) 322-8611<\/span><\/p>\n<p><span style=\"color: #ffffff;\">Se\u00f1ales NEGRAS y VERDES<\/span><\/p>\n<\/div><div class=\"vc_custom_heading_wrap\"><div class=\"heading-text el-text\" ><h4 class=\"font-762333 h4 fontspace-111509 font-weight-800 text-color-xsdn-color text-capitalize\" ><span>Nuestras Horas<\/span><\/h4><\/div><div class=\"clear\"><\/div><\/div><div class=\"uncode_text_column vc_custom_1652378468897 text-lead\"  style=\"margin-top: -1px ;\"><p><strong><span style=\"color: #ffffff;\">DE 8.00 A 23.00 H. | TODA LA SEMANA<\/span><\/strong><\/p>\n<\/div><span class=\"btn-container animate_when_almost_visible zoom-out\" ><a role=\"button\"  href=\"https:\/\/holyokecannabis.com\/pages\/contact-us\/\" class=\"custom-link btn btn-xl btn-custom-typo font-762333 font-weight-700 text-initial no-letterspace border-width-0 btn-color-306682 btn-icon-left\" title=\"Cont\u00e1ctenos\" style=\"min-width:300px\">Cont\u00e1ctenos<\/a><\/span><\/div><\/div><\/div><\/div><\/div><script id=\"script-row-unique-2\" data-row=\"script-row-unique-2\" type=\"text\/javascript\" class=\"vc_controls\">UNCODE.initRow(document.getElementById(\"row-unique-2\"));<\/script><\/div><\/div><\/div>\n<\/div>","protected":false},"excerpt":{"rendered":"Join the Holyokes Cannabis TeamBegin Your Cannabis Career Holyoke Cannabis is offering a wide range of positions both part-time and [...]","protected":false},"author":1,"featured_media":82654,"parent":0,"menu_order":0,"comment_status":"closed","ping_status":"closed","template":"","meta":{"_acf_changed":false,"footnotes":""},"class_list":["post-82743","page","type-page","status-publish","has-post-thumbnail","hentry"],"acf":[],"yoast_head":"<!-- This site is optimized with the Yoast SEO Premium plugin v27.4 (Yoast SEO v27.4) - https:\/\/yoast.com\/product\/yoast-seo-premium-wordpress\/ -->\n<title>Careers at Holyoke Cannabis - HOLYOKE CANNABIS<\/title>\n<meta name=\"description\" content=\"Want to being an exciting career in cannabis? Apply today now to become part of one of the fastest growing industries. Start your career!\" \/>\n<meta name=\"robots\" content=\"index, follow, max-snippet:-1, max-image-preview:large, max-video-preview:-1\" \/>\n<link rel=\"canonical\" href=\"https:\/\/holyokecannabis.com\/es\/carrera\/\" \/>\n<meta property=\"og:locale\" content=\"es_ES\" \/>\n<meta property=\"og:type\" content=\"article\" \/>\n<meta property=\"og:title\" content=\"Careers at Holyoke Cannabis\" \/>\n<meta property=\"og:description\" content=\"Want to being an exciting career in cannabis? Apply today now to become part of one of the fastest growing industries. Start your career!\" \/>\n<meta property=\"og:url\" content=\"https:\/\/holyokecannabis.com\/es\/carrera\/\" \/>\n<meta property=\"og:site_name\" content=\"HOLYOKE CANNABIS\" \/>\n<meta property=\"article:publisher\" content=\"https:\/\/www.facebook.com\/holyokecannaofficial\" \/>\n<meta property=\"article:modified_time\" content=\"2025-03-11T17:52:06+00:00\" \/>\n<meta property=\"og:image\" content=\"https:\/\/holyokecannabis.com\/wp-content\/uploads\/2020\/09\/bg_2.jpg\" \/>\n\t<meta property=\"og:image:width\" content=\"1920\" \/>\n\t<meta property=\"og:image:height\" content=\"1200\" \/>\n\t<meta property=\"og:image:type\" content=\"image\/jpeg\" \/>\n<meta name=\"twitter:card\" content=\"summary_large_image\" \/>\n<meta name=\"twitter:site\" content=\"@cannabisholyoke\" \/>\n<meta name=\"twitter:label1\" content=\"Tiempo de lectura\" \/>\n\t<meta name=\"twitter:data1\" content=\"4 minutos\" \/>\n<script type=\"application\/ld+json\" class=\"yoast-schema-graph\">{\"@context\":\"https:\\\/\\\/schema.org\",\"@graph\":[{\"@type\":\"WebPage\",\"@id\":\"https:\\\/\\\/holyokecannabis.com\\\/carreer\\\/\",\"url\":\"https:\\\/\\\/holyokecannabis.com\\\/carreer\\\/\",\"name\":\"Careers at Holyoke Cannabis - HOLYOKE CANNABIS\",\"isPartOf\":{\"@id\":\"https:\\\/\\\/holyokecannabis.com\\\/#website\"},\"primaryImageOfPage\":{\"@id\":\"https:\\\/\\\/holyokecannabis.com\\\/carreer\\\/#primaryimage\"},\"image\":{\"@id\":\"https:\\\/\\\/holyokecannabis.com\\\/carreer\\\/#primaryimage\"},\"thumbnailUrl\":\"https:\\\/\\\/holyokecannabis.com\\\/wp-content\\\/uploads\\\/2020\\\/09\\\/bg_2.jpg\",\"datePublished\":\"2020-09-11T20:03:22+00:00\",\"dateModified\":\"2025-03-11T17:52:06+00:00\",\"description\":\"Want to being an exciting career in cannabis? Apply today now to become part of one of the fastest growing industries. Start your career!\",\"breadcrumb\":{\"@id\":\"https:\\\/\\\/holyokecannabis.com\\\/carreer\\\/#breadcrumb\"},\"inLanguage\":\"es\",\"potentialAction\":[{\"@type\":\"ReadAction\",\"target\":[\"https:\\\/\\\/holyokecannabis.com\\\/carreer\\\/\"]}]},{\"@type\":\"ImageObject\",\"inLanguage\":\"es\",\"@id\":\"https:\\\/\\\/holyokecannabis.com\\\/carreer\\\/#primaryimage\",\"url\":\"https:\\\/\\\/holyokecannabis.com\\\/wp-content\\\/uploads\\\/2020\\\/09\\\/bg_2.jpg\",\"contentUrl\":\"https:\\\/\\\/holyokecannabis.com\\\/wp-content\\\/uploads\\\/2020\\\/09\\\/bg_2.jpg\",\"width\":1920,\"height\":1200},{\"@type\":\"BreadcrumbList\",\"@id\":\"https:\\\/\\\/holyokecannabis.com\\\/carreer\\\/#breadcrumb\",\"itemListElement\":[{\"@type\":\"ListItem\",\"position\":1,\"name\":\"Home\",\"item\":\"https:\\\/\\\/holyokecannabis.com\\\/\"},{\"@type\":\"ListItem\",\"position\":2,\"name\":\"Careers at Holyoke Cannabis\"}]},{\"@type\":\"WebSite\",\"@id\":\"https:\\\/\\\/holyokecannabis.com\\\/#website\",\"url\":\"https:\\\/\\\/holyokecannabis.com\\\/\",\"name\":\"HOLYOKE CANNABIS\",\"description\":\"Premium Recreational Cannabis Dispensary in Holyoke Massachusetts\",\"publisher\":{\"@id\":\"https:\\\/\\\/holyokecannabis.com\\\/#organization\"},\"potentialAction\":[{\"@type\":\"SearchAction\",\"target\":{\"@type\":\"EntryPoint\",\"urlTemplate\":\"https:\\\/\\\/holyokecannabis.com\\\/?s={search_term_string}\"},\"query-input\":{\"@type\":\"PropertyValueSpecification\",\"valueRequired\":true,\"valueName\":\"search_term_string\"}}],\"inLanguage\":\"es\"},{\"@type\":\"Organization\",\"@id\":\"https:\\\/\\\/holyokecannabis.com\\\/#organization\",\"name\":\"Holyoke Cannabis Dispensary\",\"alternateName\":\"Holyoke Cannabis\",\"url\":\"https:\\\/\\\/holyokecannabis.com\\\/\",\"logo\":{\"@type\":\"ImageObject\",\"inLanguage\":\"es\",\"@id\":\"https:\\\/\\\/holyokecannabis.com\\\/#\\\/schema\\\/logo\\\/image\\\/\",\"url\":\"https:\\\/\\\/holyokecannabis.com\\\/wp-content\\\/uploads\\\/2020\\\/09\\\/holyokecannabs-logo-1.png\",\"contentUrl\":\"https:\\\/\\\/holyokecannabis.com\\\/wp-content\\\/uploads\\\/2020\\\/09\\\/holyokecannabs-logo-1.png\",\"width\":300,\"height\":59,\"caption\":\"Holyoke Cannabis Dispensary\"},\"image\":{\"@id\":\"https:\\\/\\\/holyokecannabis.com\\\/#\\\/schema\\\/logo\\\/image\\\/\"},\"sameAs\":[\"https:\\\/\\\/www.facebook.com\\\/holyokecannaofficial\",\"https:\\\/\\\/x.com\\\/cannabisholyoke\",\"https:\\\/\\\/mastodon.social\\\/@Holyokecannabis\"]}]}<\/script>\n<!-- \/ Yoast SEO Premium plugin. -->","yoast_head_json":{"title":"Carreras en Holyoke Cannabis - HOLYOKE CANNABIS","description":"\u00bfQuieres desarrollar una apasionante carrera en el sector del cannabis? Presenta tu solicitud hoy mismo para formar parte de una de las industrias de m\u00e1s r\u00e1pido crecimiento. \u00a1Empieza tu carrera!","robots":{"index":"index","follow":"follow","max-snippet":"max-snippet:-1","max-image-preview":"max-image-preview:large","max-video-preview":"max-video-preview:-1"},"canonical":"https:\/\/holyokecannabis.com\/es\/carrera\/","og_locale":"es_ES","og_type":"article","og_title":"Careers at Holyoke Cannabis","og_description":"Want to being an exciting career in cannabis? Apply today now to become part of one of the fastest growing industries. Start your career!","og_url":"https:\/\/holyokecannabis.com\/es\/carrera\/","og_site_name":"HOLYOKE CANNABIS","article_publisher":"https:\/\/www.facebook.com\/holyokecannaofficial","article_modified_time":"2025-03-11T17:52:06+00:00","og_image":[{"width":1920,"height":1200,"url":"https:\/\/holyokecannabis.com\/wp-content\/uploads\/2020\/09\/bg_2.jpg","type":"image\/jpeg"}],"twitter_card":"summary_large_image","twitter_site":"@cannabisholyoke","twitter_misc":{"Tiempo de lectura":"4 minutos"},"schema":{"@context":"https:\/\/schema.org","@graph":[{"@type":"WebPage","@id":"https:\/\/holyokecannabis.com\/carreer\/","url":"https:\/\/holyokecannabis.com\/carreer\/","name":"Carreras en Holyoke Cannabis - HOLYOKE CANNABIS","isPartOf":{"@id":"https:\/\/holyokecannabis.com\/#website"},"primaryImageOfPage":{"@id":"https:\/\/holyokecannabis.com\/carreer\/#primaryimage"},"image":{"@id":"https:\/\/holyokecannabis.com\/carreer\/#primaryimage"},"thumbnailUrl":"https:\/\/holyokecannabis.com\/wp-content\/uploads\/2020\/09\/bg_2.jpg","datePublished":"2020-09-11T20:03:22+00:00","dateModified":"2025-03-11T17:52:06+00:00","description":"\u00bfQuieres desarrollar una apasionante carrera en el sector del cannabis? Presenta tu solicitud hoy mismo para formar parte de una de las industrias de m\u00e1s r\u00e1pido crecimiento. \u00a1Empieza tu carrera!","breadcrumb":{"@id":"https:\/\/holyokecannabis.com\/carreer\/#breadcrumb"},"inLanguage":"es","potentialAction":[{"@type":"ReadAction","target":["https:\/\/holyokecannabis.com\/carreer\/"]}]},{"@type":"ImageObject","inLanguage":"es","@id":"https:\/\/holyokecannabis.com\/carreer\/#primaryimage","url":"https:\/\/holyokecannabis.com\/wp-content\/uploads\/2020\/09\/bg_2.jpg","contentUrl":"https:\/\/holyokecannabis.com\/wp-content\/uploads\/2020\/09\/bg_2.jpg","width":1920,"height":1200},{"@type":"BreadcrumbList","@id":"https:\/\/holyokecannabis.com\/carreer\/#breadcrumb","itemListElement":[{"@type":"ListItem","position":1,"name":"Home","item":"https:\/\/holyokecannabis.com\/"},{"@type":"ListItem","position":2,"name":"Careers at Holyoke Cannabis"}]},{"@type":"WebSite","@id":"https:\/\/holyokecannabis.com\/#website","url":"https:\/\/holyokecannabis.com\/","name":"HOLYOKE CANNABIS","description":"Dispensario de Cannabis Recreativo Premium en Holyoke Massachusetts","publisher":{"@id":"https:\/\/holyokecannabis.com\/#organization"},"potentialAction":[{"@type":"SearchAction","target":{"@type":"EntryPoint","urlTemplate":"https:\/\/holyokecannabis.com\/?s={search_term_string}"},"query-input":{"@type":"PropertyValueSpecification","valueRequired":true,"valueName":"search_term_string"}}],"inLanguage":"es"},{"@type":"Organization","@id":"https:\/\/holyokecannabis.com\/#organization","name":"Holyoke Dispensario de Cannabis","alternateName":"Holyoke Cannabis","url":"https:\/\/holyokecannabis.com\/","logo":{"@type":"ImageObject","inLanguage":"es","@id":"https:\/\/holyokecannabis.com\/#\/schema\/logo\/image\/","url":"https:\/\/holyokecannabis.com\/wp-content\/uploads\/2020\/09\/holyokecannabs-logo-1.png","contentUrl":"https:\/\/holyokecannabis.com\/wp-content\/uploads\/2020\/09\/holyokecannabs-logo-1.png","width":300,"height":59,"caption":"Holyoke Cannabis Dispensary"},"image":{"@id":"https:\/\/holyokecannabis.com\/#\/schema\/logo\/image\/"},"sameAs":["https:\/\/www.facebook.com\/holyokecannaofficial","https:\/\/x.com\/cannabisholyoke","https:\/\/mastodon.social\/@Holyokecannabis"]}]}},"_links":{"self":[{"href":"https:\/\/holyokecannabis.com\/es\/wp-json\/wp\/v2\/pages\/82743","targetHints":{"allow":["GET"]}}],"collection":[{"href":"https:\/\/holyokecannabis.com\/es\/wp-json\/wp\/v2\/pages"}],"about":[{"href":"https:\/\/holyokecannabis.com\/es\/wp-json\/wp\/v2\/types\/page"}],"author":[{"embeddable":true,"href":"https:\/\/holyokecannabis.com\/es\/wp-json\/wp\/v2\/users\/1"}],"replies":[{"embeddable":true,"href":"https:\/\/holyokecannabis.com\/es\/wp-json\/wp\/v2\/comments?post=82743"}],"version-history":[{"count":0,"href":"https:\/\/holyokecannabis.com\/es\/wp-json\/wp\/v2\/pages\/82743\/revisions"}],"wp:featuredmedia":[{"embeddable":true,"href":"https:\/\/holyokecannabis.com\/es\/wp-json\/wp\/v2\/media\/82654"}],"wp:attachment":[{"href":"https:\/\/holyokecannabis.com\/es\/wp-json\/wp\/v2\/media?parent=82743"}],"curies":[{"name":"wp","href":"https:\/\/api.w.org\/{rel}","templated":true}]}}