{"id":82822,"date":"2020-10-24T15:53:07","date_gmt":"2020-10-24T15:53:07","guid":{"rendered":"https:\/\/holyokecannabis.com\/about-us-copy\/"},"modified":"2024-02-28T14:17:49","modified_gmt":"2024-02-28T18:17:49","slug":"our-team","status":"publish","type":"page","link":"https:\/\/holyokecannabis.com\/es\/our-team\/","title":{"rendered":"Nuestro Equipo"},"content":{"rendered":"<div class=\"wpb-content-wrapper\"><div data-parent=\"true\" class=\"vc_row limit-width row-container boomapps_vcrow\" id=\"row-unique-0\"><div class=\"row double-top-padding single-bottom-padding single-h-padding row-parent\"><div class=\"wpb_row row-inner\"><div class=\"wpb_column pos-top pos-center align_center column_parent col-lg-12 boomapps_vccolumn single-internal-gutter\"><div class=\"uncol style-light\"  ><div class=\"uncoltable\"><div class=\"uncell  boomapps_vccolumn no-block-padding\" ><div class=\"uncont\" ><div class=\"vc_custom_heading_wrap demo-features-heading\"><div class=\"heading-text el-text\" ><h2 class=\"h5\" ><span>CONOCE A LOS PROPIETARIOS DE CANNABIS DE HOLYOKE<\/span><\/h2><\/div><div class=\"clear\"><\/div><\/div><div class=\"divider-wrapper\"  >\n    <hr class=\"unseparator dashed border-,Default-color separator-no-padding\"  \/>\n<\/div>\n<\/div><\/div><\/div><\/div><\/div><script id=\"script-row-unique-0\" data-row=\"script-row-unique-0\" type=\"text\/javascript\" class=\"vc_controls\">UNCODE.initRow(document.getElementById(\"row-unique-0\"));<\/script><\/div><\/div><\/div><div data-parent=\"true\" class=\"vc_row row-container boomapps_vcrow\" id=\"row-unique-1\"><div class=\"row col-half-gutter no-top-padding double-bottom-padding single-h-padding limit-width row-parent\"><div class=\"wpb_row row-inner\"><div class=\"wpb_column pos-top pos-center align_left column_parent col-lg-6 boomapps_vccolumn single-internal-gutter\"><div class=\"uncol style-light\"  ><div class=\"uncoltable\"><div class=\"uncell  boomapps_vccolumn no-block-padding\" ><div class=\"uncont\" ><div class=\"uncode-single-media  text-left\"><div class=\"single-wrapper\" style=\"max-width: 100%;\"><div class=\"tmb tmb-light  tmb-media-first tmb-media-last tmb-content-overlay tmb-no-bg\"><div class=\"t-inside\"><div class=\"t-entry-visual\"><div class=\"t-entry-visual-tc\"><div class=\"uncode-single-media-wrapper\"><img decoding=\"async\" class=\"wp-image-82864\" src=\"https:\/\/holyokecannabis.com\/wp-content\/uploads\/2020\/11\/james.jpg\" width=\"800\" height=\"533\" alt=\"\" srcset=\"https:\/\/holyokecannabis.com\/wp-content\/uploads\/2020\/11\/james.jpg 800w, https:\/\/holyokecannabis.com\/wp-content\/uploads\/2020\/11\/james-300x200.jpg 300w, https:\/\/holyokecannabis.com\/wp-content\/uploads\/2020\/11\/james-768x512.jpg 768w, https:\/\/holyokecannabis.com\/wp-content\/uploads\/2020\/11\/james-600x400.jpg 600w\" sizes=\"(max-width: 800px) 100vw, 800px\" \/><\/div>\n\t\t\t\t\t<\/div>\n\t\t\t\t<\/div><\/div><\/div><\/div><\/div><\/div><\/div><\/div><\/div><\/div><div class=\"wpb_column pos-top pos-center align_left column_parent col-lg-6 boomapps_vccolumn single-internal-gutter\"><div class=\"uncol style-light\"  ><div class=\"uncoltable\"><div class=\"uncell  boomapps_vccolumn no-block-padding\" ><div class=\"uncont\" ><div class=\"vc_custom_heading_wrap\"><div class=\"heading-text el-text top-t-bottom animate_when_almost_visible\" ><h2 class=\"h2 font-weight-800 text-capitalize\" ><span>James Jaron<\/span><\/h2><div><p>Propietario Principal: Holyoke Cannabis<\/p>\n<p>\u201cJames Jaron ha pasado los \u00faltimos 25 a\u00f1os mejorando la comunidad a trav\u00e9s de un excelente servicio y alcance social en todo Massachusetts. Un empresario y propietario de una empresa local de Zap Electric and Ion Lighting and Distribution James est\u00e1 comprometido con el empleo y las oportunidades comunitarios. James es un \u00e1vido partidario del cannabis recreativo y sus m\u00faltiples beneficios. Se le puede encontrar pasando tiempo con su familia \/ amigos en el r\u00edo durante un d\u00eda soleado \".<\/p>\n<\/div><\/div><div class=\"clear\"><\/div><\/div><\/div><\/div><\/div><\/div><\/div><script id=\"script-row-unique-1\" data-row=\"script-row-unique-1\" type=\"text\/javascript\" class=\"vc_controls\">UNCODE.initRow(document.getElementById(\"row-unique-1\"));<\/script><\/div><\/div><\/div>\n<\/div>","protected":false},"excerpt":{"rendered":"MEET THE HOLYOKE CANNABIS OWNERSHIP James JaronPrimary Owner: Holyoke Cannabis \u201cJames Jaron has spent the last 25 years bettering the [...]","protected":false},"author":1,"featured_media":82654,"parent":0,"menu_order":0,"comment_status":"closed","ping_status":"closed","template":"","meta":{"_acf_changed":false,"footnotes":""},"class_list":["post-82822","page","type-page","status-publish","has-post-thumbnail","hentry"],"acf":[],"yoast_head":"<!-- This site is optimized with the Yoast SEO Premium plugin v27.3 (Yoast SEO v27.3) - https:\/\/yoast.com\/product\/yoast-seo-premium-wordpress\/ -->\n<title>Our Team - HOLYOKE CANNABIS<\/title>\n<meta name=\"robots\" content=\"index, follow, max-snippet:-1, max-image-preview:large, max-video-preview:-1\" \/>\n<link rel=\"canonical\" href=\"https:\/\/holyokecannabis.com\/es\/our-team\/\" \/>\n<meta property=\"og:locale\" content=\"es_ES\" \/>\n<meta property=\"og:type\" content=\"article\" \/>\n<meta property=\"og:title\" content=\"Our Team\" \/>\n<meta property=\"og:url\" content=\"https:\/\/holyokecannabis.com\/es\/our-team\/\" \/>\n<meta property=\"og:site_name\" content=\"HOLYOKE CANNABIS\" \/>\n<meta property=\"article:publisher\" content=\"https:\/\/www.facebook.com\/holyokecannaofficial\" \/>\n<meta property=\"article:modified_time\" content=\"2024-02-28T18:17:49+00:00\" \/>\n<meta property=\"og:image\" content=\"https:\/\/holyokecannabis.com\/wp-content\/uploads\/2020\/09\/bg_2.jpg\" \/>\n\t<meta property=\"og:image:width\" content=\"1920\" \/>\n\t<meta property=\"og:image:height\" content=\"1200\" \/>\n\t<meta property=\"og:image:type\" content=\"image\/jpeg\" \/>\n<meta name=\"twitter:card\" content=\"summary_large_image\" \/>\n<meta name=\"twitter:site\" content=\"@cannabisholyoke\" \/>\n<meta name=\"twitter:label1\" content=\"Tiempo de lectura\" \/>\n\t<meta name=\"twitter:data1\" content=\"1 minuto\" \/>\n<script type=\"application\/ld+json\" class=\"yoast-schema-graph\">{\"@context\":\"https:\\\/\\\/schema.org\",\"@graph\":[{\"@type\":\"WebPage\",\"@id\":\"https:\\\/\\\/holyokecannabis.com\\\/our-team\\\/\",\"url\":\"https:\\\/\\\/holyokecannabis.com\\\/our-team\\\/\",\"name\":\"Our Team - HOLYOKE CANNABIS\",\"isPartOf\":{\"@id\":\"https:\\\/\\\/holyokecannabis.com\\\/#website\"},\"primaryImageOfPage\":{\"@id\":\"https:\\\/\\\/holyokecannabis.com\\\/our-team\\\/#primaryimage\"},\"image\":{\"@id\":\"https:\\\/\\\/holyokecannabis.com\\\/our-team\\\/#primaryimage\"},\"thumbnailUrl\":\"https:\\\/\\\/holyokecannabis.com\\\/wp-content\\\/uploads\\\/2020\\\/09\\\/bg_2.jpg\",\"datePublished\":\"2020-10-24T15:53:07+00:00\",\"dateModified\":\"2024-02-28T18:17:49+00:00\",\"breadcrumb\":{\"@id\":\"https:\\\/\\\/holyokecannabis.com\\\/our-team\\\/#breadcrumb\"},\"inLanguage\":\"es\",\"potentialAction\":[{\"@type\":\"ReadAction\",\"target\":[\"https:\\\/\\\/holyokecannabis.com\\\/our-team\\\/\"]}]},{\"@type\":\"ImageObject\",\"inLanguage\":\"es\",\"@id\":\"https:\\\/\\\/holyokecannabis.com\\\/our-team\\\/#primaryimage\",\"url\":\"https:\\\/\\\/holyokecannabis.com\\\/wp-content\\\/uploads\\\/2020\\\/09\\\/bg_2.jpg\",\"contentUrl\":\"https:\\\/\\\/holyokecannabis.com\\\/wp-content\\\/uploads\\\/2020\\\/09\\\/bg_2.jpg\",\"width\":1920,\"height\":1200},{\"@type\":\"BreadcrumbList\",\"@id\":\"https:\\\/\\\/holyokecannabis.com\\\/our-team\\\/#breadcrumb\",\"itemListElement\":[{\"@type\":\"ListItem\",\"position\":1,\"name\":\"Home\",\"item\":\"https:\\\/\\\/holyokecannabis.com\\\/\"},{\"@type\":\"ListItem\",\"position\":2,\"name\":\"Our Team\"}]},{\"@type\":\"WebSite\",\"@id\":\"https:\\\/\\\/holyokecannabis.com\\\/#website\",\"url\":\"https:\\\/\\\/holyokecannabis.com\\\/\",\"name\":\"HOLYOKE CANNABIS\",\"description\":\"Premium Recreational Cannabis Dispensary in Holyoke Massachusetts\",\"publisher\":{\"@id\":\"https:\\\/\\\/holyokecannabis.com\\\/#organization\"},\"potentialAction\":[{\"@type\":\"SearchAction\",\"target\":{\"@type\":\"EntryPoint\",\"urlTemplate\":\"https:\\\/\\\/holyokecannabis.com\\\/?s={search_term_string}\"},\"query-input\":{\"@type\":\"PropertyValueSpecification\",\"valueRequired\":true,\"valueName\":\"search_term_string\"}}],\"inLanguage\":\"es\"},{\"@type\":\"Organization\",\"@id\":\"https:\\\/\\\/holyokecannabis.com\\\/#organization\",\"name\":\"Holyoke Cannabis Dispensary\",\"alternateName\":\"Holyoke Cannabis\",\"url\":\"https:\\\/\\\/holyokecannabis.com\\\/\",\"logo\":{\"@type\":\"ImageObject\",\"inLanguage\":\"es\",\"@id\":\"https:\\\/\\\/holyokecannabis.com\\\/#\\\/schema\\\/logo\\\/image\\\/\",\"url\":\"https:\\\/\\\/holyokecannabis.com\\\/wp-content\\\/uploads\\\/2020\\\/09\\\/holyokecannabs-logo-1.png\",\"contentUrl\":\"https:\\\/\\\/holyokecannabis.com\\\/wp-content\\\/uploads\\\/2020\\\/09\\\/holyokecannabs-logo-1.png\",\"width\":300,\"height\":59,\"caption\":\"Holyoke Cannabis Dispensary\"},\"image\":{\"@id\":\"https:\\\/\\\/holyokecannabis.com\\\/#\\\/schema\\\/logo\\\/image\\\/\"},\"sameAs\":[\"https:\\\/\\\/www.facebook.com\\\/holyokecannaofficial\",\"https:\\\/\\\/x.com\\\/cannabisholyoke\",\"https:\\\/\\\/mastodon.social\\\/@Holyokecannabis\"]}]}<\/script>\n<!-- \/ Yoast SEO Premium plugin. -->","yoast_head_json":{"title":"Nuestro equipo - HOLYOKE CANNABIS","robots":{"index":"index","follow":"follow","max-snippet":"max-snippet:-1","max-image-preview":"max-image-preview:large","max-video-preview":"max-video-preview:-1"},"canonical":"https:\/\/holyokecannabis.com\/es\/our-team\/","og_locale":"es_ES","og_type":"article","og_title":"Our Team","og_url":"https:\/\/holyokecannabis.com\/es\/our-team\/","og_site_name":"HOLYOKE CANNABIS","article_publisher":"https:\/\/www.facebook.com\/holyokecannaofficial","article_modified_time":"2024-02-28T18:17:49+00:00","og_image":[{"width":1920,"height":1200,"url":"https:\/\/holyokecannabis.com\/wp-content\/uploads\/2020\/09\/bg_2.jpg","type":"image\/jpeg"}],"twitter_card":"summary_large_image","twitter_site":"@cannabisholyoke","twitter_misc":{"Tiempo de lectura":"1 minuto"},"schema":{"@context":"https:\/\/schema.org","@graph":[{"@type":"WebPage","@id":"https:\/\/holyokecannabis.com\/our-team\/","url":"https:\/\/holyokecannabis.com\/our-team\/","name":"Nuestro equipo - HOLYOKE CANNABIS","isPartOf":{"@id":"https:\/\/holyokecannabis.com\/#website"},"primaryImageOfPage":{"@id":"https:\/\/holyokecannabis.com\/our-team\/#primaryimage"},"image":{"@id":"https:\/\/holyokecannabis.com\/our-team\/#primaryimage"},"thumbnailUrl":"https:\/\/holyokecannabis.com\/wp-content\/uploads\/2020\/09\/bg_2.jpg","datePublished":"2020-10-24T15:53:07+00:00","dateModified":"2024-02-28T18:17:49+00:00","breadcrumb":{"@id":"https:\/\/holyokecannabis.com\/our-team\/#breadcrumb"},"inLanguage":"es","potentialAction":[{"@type":"ReadAction","target":["https:\/\/holyokecannabis.com\/our-team\/"]}]},{"@type":"ImageObject","inLanguage":"es","@id":"https:\/\/holyokecannabis.com\/our-team\/#primaryimage","url":"https:\/\/holyokecannabis.com\/wp-content\/uploads\/2020\/09\/bg_2.jpg","contentUrl":"https:\/\/holyokecannabis.com\/wp-content\/uploads\/2020\/09\/bg_2.jpg","width":1920,"height":1200},{"@type":"BreadcrumbList","@id":"https:\/\/holyokecannabis.com\/our-team\/#breadcrumb","itemListElement":[{"@type":"ListItem","position":1,"name":"Home","item":"https:\/\/holyokecannabis.com\/"},{"@type":"ListItem","position":2,"name":"Our Team"}]},{"@type":"WebSite","@id":"https:\/\/holyokecannabis.com\/#website","url":"https:\/\/holyokecannabis.com\/","name":"HOLYOKE CANNABIS","description":"Dispensario de Cannabis Recreativo Premium en Holyoke Massachusetts","publisher":{"@id":"https:\/\/holyokecannabis.com\/#organization"},"potentialAction":[{"@type":"SearchAction","target":{"@type":"EntryPoint","urlTemplate":"https:\/\/holyokecannabis.com\/?s={search_term_string}"},"query-input":{"@type":"PropertyValueSpecification","valueRequired":true,"valueName":"search_term_string"}}],"inLanguage":"es"},{"@type":"Organization","@id":"https:\/\/holyokecannabis.com\/#organization","name":"Holyoke Dispensario de Cannabis","alternateName":"Holyoke Cannabis","url":"https:\/\/holyokecannabis.com\/","logo":{"@type":"ImageObject","inLanguage":"es","@id":"https:\/\/holyokecannabis.com\/#\/schema\/logo\/image\/","url":"https:\/\/holyokecannabis.com\/wp-content\/uploads\/2020\/09\/holyokecannabs-logo-1.png","contentUrl":"https:\/\/holyokecannabis.com\/wp-content\/uploads\/2020\/09\/holyokecannabs-logo-1.png","width":300,"height":59,"caption":"Holyoke Cannabis Dispensary"},"image":{"@id":"https:\/\/holyokecannabis.com\/#\/schema\/logo\/image\/"},"sameAs":["https:\/\/www.facebook.com\/holyokecannaofficial","https:\/\/x.com\/cannabisholyoke","https:\/\/mastodon.social\/@Holyokecannabis"]}]}},"_links":{"self":[{"href":"https:\/\/holyokecannabis.com\/es\/wp-json\/wp\/v2\/pages\/82822","targetHints":{"allow":["GET"]}}],"collection":[{"href":"https:\/\/holyokecannabis.com\/es\/wp-json\/wp\/v2\/pages"}],"about":[{"href":"https:\/\/holyokecannabis.com\/es\/wp-json\/wp\/v2\/types\/page"}],"author":[{"embeddable":true,"href":"https:\/\/holyokecannabis.com\/es\/wp-json\/wp\/v2\/users\/1"}],"replies":[{"embeddable":true,"href":"https:\/\/holyokecannabis.com\/es\/wp-json\/wp\/v2\/comments?post=82822"}],"version-history":[{"count":0,"href":"https:\/\/holyokecannabis.com\/es\/wp-json\/wp\/v2\/pages\/82822\/revisions"}],"wp:featuredmedia":[{"embeddable":true,"href":"https:\/\/holyokecannabis.com\/es\/wp-json\/wp\/v2\/media\/82654"}],"wp:attachment":[{"href":"https:\/\/holyokecannabis.com\/es\/wp-json\/wp\/v2\/media?parent=82822"}],"curies":[{"name":"wp","href":"https:\/\/api.w.org\/{rel}","templated":true}]}}